{"id":622,"date":"2022-12-09T06:32:09","date_gmt":"2022-12-09T06:32:09","guid":{"rendered":"https:\/\/demo.sparkletheme.com\/sparkle-fse\/fit\/?page_id=622"},"modified":"2023-12-14T19:22:06","modified_gmt":"2023-12-14T18:22:06","slug":"zumba-class","status":"publish","type":"page","link":"https:\/\/www.escrime-montpellier.fr\/index.php\/zumba-class\/","title":{"rendered":"Escrime sant\u00e9"},"content":{"rendered":"\n<div class=\"wp-block-group alignfull has-background is-layout-constrained wp-container-core-group-is-layout-88816f74 wp-block-group-is-layout-constrained\" style=\"background-color:#041c2d;padding-top:0px;padding-right:0px;padding-bottom:0px;padding-left:0px\">\n<div class=\"wp-block-group alignfull is-layout-constrained wp-block-group-is-layout-constrained\">\n<div class=\"wp-block-cover alignfull is-light has-parallax\" style=\"min-height:681px;aspect-ratio:unset;\"><span aria-hidden=\"true\" class=\"wp-block-cover__background has-foreground-background-color has-background-dim\"><\/span><div role=\"img\" class=\"wp-block-cover__image-background wp-image-2505 has-parallax\" style=\"background-position:50% 50%;background-image:url(https:\/\/escrime-montpellier.fr\/wp-content\/uploads\/2023\/08\/311781897_3236147953306585_408030783729375843_n.jpg)\"><\/div><div class=\"wp-block-cover__inner-container is-layout-flow wp-block-cover-is-layout-flow\">\n<div class=\"wp-block-group is-layout-constrained wp-block-group-is-layout-constrained\">\n<h2 class=\"wp-block-heading animated animated-fadeInUp has-white-color has-text-color\" style=\"font-size:60px\">Escrime sant\u00e9<\/h2>\n\n\n\n<p class=\"has-white-color has-text-color\">Le programme sport sant\u00e9 de la F\u00e9d\u00e9ration Fran\u00e7aise d\u2019Escrime a pour objectif de d\u00e9velopper la pratique de l\u2019escrime \u00e0 des fins de sant\u00e9&nbsp;: bien-\u00eatre <em>(s\u00e9niors, personnes s\u00e9dentaires\u2026)<\/em> et th\u00e9rapeutiques <em>(cancer du sein, escrime sur ordonnance, victimes de violences sexuelles). <\/em>De nombreuses formations, actions et ateliers ont \u00e9t\u00e9 mise en place pour diff\u00e9rents publics depuis plus de 15 ans. Aujourd\u2019hui un label \u00ab SPORT SANT\u00c9 FFE \u00bb a m\u00eame \u00e9t\u00e9 cr\u00e9\u00e9 et vise \u00e0 l\u2019accompagnement et \u00e0 la valorisation des clubs s\u2019inscrivant dans un projet de d\u00e9veloppement de l\u2019escrime-sant\u00e9.<\/p>\n<\/div>\n\n\n\n<p class=\"has-text-align-center has-large-font-size\"><\/p>\n<\/div><\/div>\n<\/div>\n\n\n\n<div class=\"wp-block-group alignfull is-layout-constrained wp-block-group-is-layout-constrained\" style=\"padding-top:50px;padding-bottom:80px\">\n<p class=\"has-text-align-center has-luminous-vivid-orange-color has-text-color has-large-font-size\">L&rsquo;escrime : Sport de combat, appropri\u00e9 aux femmes<\/p>\n\n\n\n<div class=\"wp-block-columns is-layout-flex wp-container-core-columns-is-layout-28f84493 wp-block-columns-is-layout-flex\">\n<div class=\"wp-block-column is-layout-flow wp-block-column-is-layout-flow\">\n<div class=\"wp-block-group has-background is-layout-constrained wp-block-group-is-layout-constrained\" style=\"background-color:#03293b\">\n<p class=\"has-white-color has-text-color\"><em>Un sport qui sort de la norme, qui permet de prendre beaucoup de plaisir<\/em><\/p>\n<\/div>\n<\/div>\n\n\n\n<div class=\"wp-block-column is-layout-flow wp-block-column-is-layout-flow\">\n<p class=\"has-white-color has-text-color has-background\" style=\"background-color:#03293b\"><em>Une v\u00e9ritable d\u00e9couverte, un moment r\u00e9el pour soi, une lib\u00e9ration du stress, une d\u00e9connexion totale du quotidien, une estime de soi apr\u00e8s un ultime effort<\/em><\/p>\n<\/div>\n<\/div>\n<\/div>\n\n\n\n<div class=\"wp-block-columns is-layout-flex wp-container-core-columns-is-layout-28f84493 wp-block-columns-is-layout-flex\">\n<div class=\"wp-block-column is-layout-flow wp-block-column-is-layout-flow\">\n<figure data-wp-context=\"{&quot;imageId&quot;:&quot;69fe411b0db06&quot;}\" data-wp-interactive=\"core\/image\" data-wp-key=\"69fe411b0db06\" class=\"wp-block-image size-large is-resized wp-lightbox-container\"><img loading=\"lazy\" decoding=\"async\" data-wp-class--hide=\"state.isContentHidden\" data-wp-class--show=\"state.isContentVisible\" data-wp-init=\"callbacks.setButtonStyles\" data-wp-on--click=\"actions.showLightbox\" data-wp-on--load=\"callbacks.setButtonStyles\" data-wp-on-window--resize=\"callbacks.setButtonStyles\" src=\"http:\/\/escrime-montpellier.fr\/wp-content\/uploads\/2023\/04\/Escrimesante2-725x1024.jpg\" alt=\"\" class=\"wp-image-2138\" width=\"356\" height=\"504\" srcset=\"https:\/\/www.escrime-montpellier.fr\/wp-content\/uploads\/2023\/04\/Escrimesante2-725x1024.jpg 725w, https:\/\/www.escrime-montpellier.fr\/wp-content\/uploads\/2023\/04\/Escrimesante2-212x300.jpg 212w, https:\/\/www.escrime-montpellier.fr\/wp-content\/uploads\/2023\/04\/Escrimesante2-600x847.jpg 600w, https:\/\/www.escrime-montpellier.fr\/wp-content\/uploads\/2023\/04\/Escrimesante2.jpg 762w\" sizes=\"auto, (max-width: 356px) 100vw, 356px\" \/><button\n\t\t\tclass=\"lightbox-trigger\"\n\t\t\ttype=\"button\"\n\t\t\taria-haspopup=\"dialog\"\n\t\t\taria-label=\"Agrandir\"\n\t\t\tdata-wp-init=\"callbacks.initTriggerButton\"\n\t\t\tdata-wp-on--click=\"actions.showLightbox\"\n\t\t\tdata-wp-style--right=\"state.imageButtonRight\"\n\t\t\tdata-wp-style--top=\"state.imageButtonTop\"\n\t\t>\n\t\t\t<svg xmlns=\"http:\/\/www.w3.org\/2000\/svg\" width=\"12\" height=\"12\" fill=\"none\" viewBox=\"0 0 12 12\">\n\t\t\t\t<path fill=\"#fff\" d=\"M2 0a2 2 0 0 0-2 2v2h1.5V2a.5.5 0 0 1 .5-.5h2V0H2Zm2 10.5H2a.5.5 0 0 1-.5-.5V8H0v2a2 2 0 0 0 2 2h2v-1.5ZM8 12v-1.5h2a.5.5 0 0 0 .5-.5V8H12v2a2 2 0 0 1-2 2H8Zm2-12a2 2 0 0 1 2 2v2h-1.5V2a.5.5 0 0 0-.5-.5H8V0h2Z\" \/>\n\t\t\t<\/svg>\n\t\t<\/button><\/figure>\n<\/div>\n\n\n\n<div class=\"wp-block-column is-layout-flow wp-block-column-is-layout-flow\">\n<p class=\"has-white-color has-text-color\">Art martial, \u00e9l\u00e9gant et esth\u00e9tique qui plait aux femmes car permet le renforcement musculaire, le jeu, la strat\u00e9gie, la rencontre \u00e0 deux, le partage d\u2019un groupe. Adh\u00e9rer \u00e0 une famille, dans l\u2019ambiance d\u2019une salle d\u2019armes o\u00f9 chacune prend sa place gr\u00e2ce \u00e0 une entraide mutuelle.<br>Les anciens aident les nouveaux, les comp\u00e9titeurs accueillent les \u00ab escrimeurs loisirs \u00bb. C\u2019est une conversation \u00e0 2, l\u2019autre nous fait progresser, s\u2019adapter, accepter le doute, ses limites, se remettre en question pour gagner.<\/p>\n<\/div>\n<\/div>\n\n\n\n<p class=\"has-white-color has-text-color\"><\/p>\n\n\n\n<p class=\"has-text-align-center has-luminous-vivid-orange-color has-text-color has-large-font-size\">Les b\u00e9n\u00e9fices suite \u00e0 une intervention chirurgicale<\/p>\n\n\n\n<p class=\"has-white-color has-text-color\">Pour remettre le buste en action, re-mobiliser le haut du corps en pratiquant le sabre, arme l\u00e9g\u00e8re d\u2019estoc et de taille dont les attaques principales se font au masque.<br>Le geste demande de l\u2019amplitude et permet une r\u00e9\u00e9ducation cibl\u00e9e<\/p>\n\n\n\n<p class=\"has-text-align-center has-luminous-vivid-orange-color has-text-color has-large-font-size\">D\u00e9roulement d&rsquo;une s\u00e9ance<\/p>\n\n\n\n<p class=\"has-white-color has-text-color\">\u00c9chauffement sur le haut du corps (b\u00e2tons, \u00e9lastiques), \u00e9tirements.<br>Fondamentaux : d\u00e9placements, travail des jambes.<br>Sp\u00e9cifique : Utilisation du sabre, apprentissage des gestes de la convention.<\/p>\n\n\n\n<p class=\"has-text-align-center has-luminous-vivid-amber-color has-text-color has-background\" style=\"background-color:#03293b\">Mat\u00e9riel pr\u00eat\u00e9 et neuf : masque, veste, protection poitrine, arme.<\/p>\n<\/div>\n\n\n\n<div class=\"wp-block-group alignfull is-layout-constrained wp-block-group-is-layout-constrained\" style=\"margin-top:0;margin-bottom:0\">\n<div class=\"wp-block-group alignfull has-background-color has-text-color has-background is-layout-constrained wp-block-group-is-layout-constrained\" style=\"background-color:#041c2d;margin-top:0;margin-bottom:0\">\n<div class=\"wp-block-group alignfull is-layout-constrained wp-container-core-group-is-layout-61e60256 wp-block-group-is-layout-constrained\">\n<h2 class=\"wp-block-heading has-text-align-center has-text-color\" style=\"color:#fb5b21;font-size:48px;font-style:normal;font-weight:500\">Horaires<\/h2>\n\n\n\n<div class=\"wp-block-buttons is-content-justification-center is-layout-flex wp-container-core-buttons-is-layout-a89b3969 wp-block-buttons-is-layout-flex\">\n<div class=\"wp-block-button\"><a class=\"wp-block-button__link wp-element-button\" href=\"https:\/\/escrime-montpellier.fr\/index.php\/horaires-des-cours\/\">Consultez nos horaires sur la page d\u00e9di\u00e9e<\/a><\/div>\n<\/div>\n<\/div>\n<\/div>\n<\/div>\n\n\n\n<div class=\"wp-block-group alignfull is-layout-constrained wp-block-group-is-layout-constrained\" style=\"margin-top:0;margin-bottom:0\">\n<div class=\"wp-block-group alignfull has-background is-layout-constrained wp-block-group-is-layout-constrained\" style=\"background-color:#041c2d;margin-top:0;margin-bottom:0\">\n<div class=\"wp-block-group alignfull is-layout-constrained wp-container-core-group-is-layout-19e250f3 wp-block-group-is-layout-constrained\">\n<h2 class=\"wp-block-heading has-text-align-center has-text-color\" style=\"color:#fb5b21;font-size:48px;font-style:normal;font-weight:700\">Tarifs<\/h2>\n<\/div>\n\n\n\n<div class=\"wp-block-columns alignwide is-layout-flex wp-container-core-columns-is-layout-f350720d wp-block-columns-is-layout-flex\" style=\"padding-top:20px\">\n<div class=\"wp-block-column is-vertically-aligned-center is-layout-flow wp-block-column-is-layout-flow\">\n<div class=\"wp-block-group alignwide has-shadow-dark animated animated-fadeInUp has-background is-layout-constrained wp-container-core-group-is-layout-51aacc7e wp-block-group-is-layout-constrained\" style=\"background-color:#03293b;padding-top:40px;padding-right:40px;padding-bottom:40px;padding-left:40px\">\n<div class=\"wp-block-group is-layout-flow wp-block-group-is-layout-flow\" style=\"padding-bottom:15px\"><\/div>\n\n\n\n<h3 class=\"wp-block-heading has-text-align-center has-background-color has-text-color\" style=\"margin-top:10px;margin-right:10px;margin-bottom:10px;margin-left:10px;font-size:30px;font-style:normal;font-weight:400\">Premi\u00e8re ann\u00e9e<\/h3>\n\n\n\n<div class=\"wp-block-group is-layout-constrained wp-container-core-group-is-layout-19e250f3 wp-block-group-is-layout-constrained\">\n<p class=\"has-text-align-center has-text-color\" style=\"color:#fb5b21;font-size:40px\">Gratuit<\/p>\n\n\n\n<p class=\"has-text-align-center has-background-color has-text-color\" style=\"font-size:25px\">&nbsp;\/an<\/p>\n<\/div>\n\n\n\n<div class=\"wp-block-buttons is-layout-flex wp-block-buttons-is-layout-flex\" style=\"margin-top:30px;margin-bottom:30px\">\n<div class=\"wp-block-button aligncenter is-style-outline is-style-outline--1\"><a class=\"wp-block-button__link has-background-color has-text-color wp-element-button\" href=\"https:\/\/escrime-montpellier.fr\/index.php\/inscription\/\" style=\"border-radius:25px;padding-top:6px;padding-right:25px;padding-bottom:6px;padding-left:25px\">Inscrivez-vous<\/a><\/div>\n<\/div>\n<\/div>\n<\/div>\n\n\n\n<div class=\"wp-block-column is-vertically-aligned-center is-layout-flow wp-block-column-is-layout-flow\">\n<div class=\"wp-block-group alignwide has-shadow-dark animated animated-fadeInUp has-background is-layout-constrained wp-container-core-group-is-layout-51aacc7e wp-block-group-is-layout-constrained\" style=\"background-color:#03293b;padding-top:40px;padding-right:40px;padding-bottom:40px;padding-left:40px\">\n<div class=\"wp-block-group is-layout-flow wp-block-group-is-layout-flow\" style=\"padding-bottom:15px\"><\/div>\n\n\n\n<h3 class=\"wp-block-heading has-text-align-center has-background-color has-text-color\" style=\"margin-top:10px;margin-right:10px;margin-bottom:10px;margin-left:10px;font-size:30px;font-style:normal;font-weight:400\">R\u00e9inscription<\/h3>\n\n\n\n<div class=\"wp-block-group is-layout-constrained wp-container-core-group-is-layout-19e250f3 wp-block-group-is-layout-constrained\">\n<p class=\"has-text-align-center has-text-color\" style=\"color:#fb5b21;font-size:40px\">173\u20ac<\/p>\n\n\n\n<p class=\"has-text-align-center has-background-color has-text-color\" style=\"font-size:25px\">&nbsp;\/an<\/p>\n<\/div>\n\n\n\n<div class=\"wp-block-buttons is-layout-flex wp-block-buttons-is-layout-flex\" style=\"margin-top:30px;margin-bottom:30px\">\n<div class=\"wp-block-button aligncenter is-style-outline is-style-outline--2\"><a class=\"wp-block-button__link has-background-color has-text-color wp-element-button\" href=\"https:\/\/escrime-montpellier.fr\/index.php\/inscription\/\" style=\"border-radius:25px;padding-top:6px;padding-right:25px;padding-bottom:6px;padding-left:25px\">Inscrivez-vous<\/a><\/div>\n<\/div>\n<\/div>\n<\/div>\n<\/div>\n<\/div>\n<\/div>\n\n\n\n<div class=\"wp-block-group alignfull is-layout-constrained wp-block-group-is-layout-constrained\" style=\"margin-top:0;margin-bottom:0\">\n<div class=\"wp-block-group alignfull has-background is-layout-constrained wp-container-core-group-is-layout-ce377239 wp-block-group-is-layout-constrained\" style=\"background-color:#041c2d;margin-top:0;margin-bottom:0\">\n<div class=\"wp-block-group is-layout-constrained wp-container-core-group-is-layout-334a2726 wp-block-group-is-layout-constrained\">\n<h5 class=\"wp-block-heading has-text-align-center has-text-color\" style=\"color:#fb5b21;font-size:17.6px;font-style:normal;font-weight:400\">Nos entraineurs<\/h5>\n\n\n\n<h2 class=\"wp-block-heading has-text-align-center has-background-color has-text-color\" style=\"font-size:48px;font-style:normal;font-weight:700\">Notre ma\u00eetre d&rsquo;armes<\/h2>\n\n\n\n<div class=\"wp-block-group has-tertiary-color has-text-color is-layout-constrained wp-container-core-group-is-layout-19e250f3 wp-block-group-is-layout-constrained\" style=\"font-size:17.6px;font-style:normal;font-weight:500\">\n<p class=\"has-text-align-center\">Escrime sant\u00e9<\/p>\n<\/div>\n<\/div>\n\n\n\n<div class=\"wp-block-columns is-layout-flex wp-container-core-columns-is-layout-f93fcc32 wp-block-columns-is-layout-flex\" style=\"padding-top:20px;padding-right:20px;padding-bottom:20px;padding-left:20px\">\n<div class=\"wp-block-column has-background is-layout-flow wp-block-column-is-layout-flow\" style=\"background-color:#03293b\">\n<div class=\"wp-block-group is-layout-constrained wp-block-group-is-layout-constrained\">\n<figure data-wp-context=\"{&quot;imageId&quot;:&quot;69fe411b10896&quot;}\" data-wp-interactive=\"core\/image\" data-wp-key=\"69fe411b10896\" class=\"wp-block-image aligncenter size-large has-custom-border wp-lightbox-container\"><img loading=\"lazy\" decoding=\"async\" width=\"682\" height=\"1024\" data-wp-class--hide=\"state.isContentHidden\" data-wp-class--show=\"state.isContentVisible\" data-wp-init=\"callbacks.setButtonStyles\" data-wp-on--click=\"actions.showLightbox\" data-wp-on--load=\"callbacks.setButtonStyles\" data-wp-on-window--resize=\"callbacks.setButtonStyles\" src=\"http:\/\/escrime-montpellier.fr\/wp-content\/uploads\/2023\/12\/WhatsApp-Image-2023-12-13-a-21.57.10_49e16aa9-682x1024.jpg\" alt=\"\" class=\"wp-image-2539\" style=\"border-width:1px\" srcset=\"https:\/\/www.escrime-montpellier.fr\/wp-content\/uploads\/2023\/12\/WhatsApp-Image-2023-12-13-a-21.57.10_49e16aa9-682x1024.jpg 682w, https:\/\/www.escrime-montpellier.fr\/wp-content\/uploads\/2023\/12\/WhatsApp-Image-2023-12-13-a-21.57.10_49e16aa9-200x300.jpg 200w, https:\/\/www.escrime-montpellier.fr\/wp-content\/uploads\/2023\/12\/WhatsApp-Image-2023-12-13-a-21.57.10_49e16aa9-768x1153.jpg 768w, https:\/\/www.escrime-montpellier.fr\/wp-content\/uploads\/2023\/12\/WhatsApp-Image-2023-12-13-a-21.57.10_49e16aa9-1023x1536.jpg 1023w, https:\/\/www.escrime-montpellier.fr\/wp-content\/uploads\/2023\/12\/WhatsApp-Image-2023-12-13-a-21.57.10_49e16aa9-600x901.jpg 600w, https:\/\/www.escrime-montpellier.fr\/wp-content\/uploads\/2023\/12\/WhatsApp-Image-2023-12-13-a-21.57.10_49e16aa9.jpg 1066w\" sizes=\"auto, (max-width: 682px) 100vw, 682px\" \/><button\n\t\t\tclass=\"lightbox-trigger\"\n\t\t\ttype=\"button\"\n\t\t\taria-haspopup=\"dialog\"\n\t\t\taria-label=\"Agrandir\"\n\t\t\tdata-wp-init=\"callbacks.initTriggerButton\"\n\t\t\tdata-wp-on--click=\"actions.showLightbox\"\n\t\t\tdata-wp-style--right=\"state.imageButtonRight\"\n\t\t\tdata-wp-style--top=\"state.imageButtonTop\"\n\t\t>\n\t\t\t<svg xmlns=\"http:\/\/www.w3.org\/2000\/svg\" width=\"12\" height=\"12\" fill=\"none\" viewBox=\"0 0 12 12\">\n\t\t\t\t<path fill=\"#fff\" d=\"M2 0a2 2 0 0 0-2 2v2h1.5V2a.5.5 0 0 1 .5-.5h2V0H2Zm2 10.5H2a.5.5 0 0 1-.5-.5V8H0v2a2 2 0 0 0 2 2h2v-1.5ZM8 12v-1.5h2a.5.5 0 0 0 .5-.5V8H12v2a2 2 0 0 1-2 2H8Zm2-12a2 2 0 0 1 2 2v2h-1.5V2a.5.5 0 0 0-.5-.5H8V0h2Z\" \/>\n\t\t\t<\/svg>\n\t\t<\/button><\/figure>\n<\/div>\n\n\n\n<div class=\"wp-block-group is-layout-constrained wp-container-core-group-is-layout-5acc742a wp-block-group-is-layout-constrained\" style=\"padding-top:10px;padding-right:10px;padding-bottom:40px;padding-left:10px\">\n<h2 class=\"wp-block-heading has-text-align-center has-background-color has-text-color\" style=\"font-size:28px\">Ma\u00eetre d&rsquo;arme sant\u00e9 et sportif<\/h2>\n\n\n\n<p class=\"has-text-align-center has-text-color\" style=\"color:#fb5b21;font-size:17.6px\">Maitre Roselyne Petiot est sp\u00e9cialis\u00e9e en escrime sant\u00e9  notamment pour la r\u00e9\u00e9ducation et la remobilisation apr\u00e8s le cancer du sein. Elle donne aussi des le\u00e7ons particuli\u00e8res en escrime sportive<\/p>\n\n\n\n<div class=\"wp-block-group alignwide is-layout-constrained wp-block-group-is-layout-constrained\" style=\"padding-bottom:10px\"><\/div>\n<\/div>\n<\/div>\n<\/div>\n<\/div>\n<\/div>\n","protected":false},"excerpt":{"rendered":"<p>L&rsquo;escrime : Sport de combat, appropri\u00e9 aux femmes Un sport qui sort de la norme, qui permet de prendre beaucoup de plaisir Une v\u00e9ritable d\u00e9couverte, un moment r\u00e9el pour soi, [&hellip;]<\/p>\n","protected":false},"author":1,"featured_media":0,"parent":0,"menu_order":0,"comment_status":"closed","ping_status":"closed","template":"page-no-title","meta":{"om_disable_all_campaigns":false,"_monsterinsights_skip_tracking":false,"_monsterinsights_sitenote_active":false,"_monsterinsights_sitenote_note":"","_monsterinsights_sitenote_category":0,"_uf_show_specific_survey":0,"_uf_disable_surveys":false,"footnotes":""},"categories":[],"tags":[],"class_list":["post-622","page","type-page","status-publish","hentry"],"aioseo_notices":[],"_links":{"self":[{"href":"https:\/\/www.escrime-montpellier.fr\/index.php\/wp-json\/wp\/v2\/pages\/622","targetHints":{"allow":["GET"]}}],"collection":[{"href":"https:\/\/www.escrime-montpellier.fr\/index.php\/wp-json\/wp\/v2\/pages"}],"about":[{"href":"https:\/\/www.escrime-montpellier.fr\/index.php\/wp-json\/wp\/v2\/types\/page"}],"author":[{"embeddable":true,"href":"https:\/\/www.escrime-montpellier.fr\/index.php\/wp-json\/wp\/v2\/users\/1"}],"replies":[{"embeddable":true,"href":"https:\/\/www.escrime-montpellier.fr\/index.php\/wp-json\/wp\/v2\/comments?post=622"}],"version-history":[{"count":38,"href":"https:\/\/www.escrime-montpellier.fr\/index.php\/wp-json\/wp\/v2\/pages\/622\/revisions"}],"predecessor-version":[{"id":2549,"href":"https:\/\/www.escrime-montpellier.fr\/index.php\/wp-json\/wp\/v2\/pages\/622\/revisions\/2549"}],"wp:attachment":[{"href":"https:\/\/www.escrime-montpellier.fr\/index.php\/wp-json\/wp\/v2\/media?parent=622"}],"wp:term":[{"taxonomy":"category","embeddable":true,"href":"https:\/\/www.escrime-montpellier.fr\/index.php\/wp-json\/wp\/v2\/categories?post=622"},{"taxonomy":"post_tag","embeddable":true,"href":"https:\/\/www.escrime-montpellier.fr\/index.php\/wp-json\/wp\/v2\/tags?post=622"}],"curies":[{"name":"wp","href":"https:\/\/api.w.org\/{rel}","templated":true}]}}