{"id":620,"date":"2022-12-09T06:31:41","date_gmt":"2022-12-09T06:31:41","guid":{"rendered":"https:\/\/demo.sparkletheme.com\/sparkle-fse\/fit\/?page_id=620"},"modified":"2025-05-28T20:06:27","modified_gmt":"2025-05-28T19:06:27","slug":"artistique","status":"publish","type":"page","link":"https:\/\/www.escrime-montpellier.fr\/index.php\/artistique\/","title":{"rendered":"Escrime artistique"},"content":{"rendered":"\n<div class=\"wp-block-group alignfull has-background is-layout-constrained wp-container-core-group-is-layout-0b42b009 wp-block-group-is-layout-constrained\" style=\"background-color:#041c2d;padding-top:0;padding-right:0;padding-bottom:0;padding-left:0\">\n<div class=\"wp-block-columns is-layout-flex wp-container-core-columns-is-layout-28f84493 wp-block-columns-is-layout-flex\">\n<div class=\"wp-block-column is-layout-flow wp-block-column-is-layout-flow\" style=\"padding-top:0;padding-right:0;padding-bottom:0;padding-left:0;flex-basis:60%\">\n<figure class=\"wp-block-embed is-type-video is-provider-youtube wp-block-embed-youtube wp-embed-aspect-16-9 wp-has-aspect-ratio\"><div class=\"wp-block-embed__wrapper\">\n<iframe loading=\"lazy\" title=\"LA DERNIERE TIRADE - MUC Escrime - Champion de France 2025 Escrime Artistique\ud83e\udd47\" width=\"500\" height=\"281\" src=\"https:\/\/www.youtube.com\/embed\/p3zIutAUcdU?start=303&#038;feature=oembed\" frameborder=\"0\" allow=\"accelerometer; autoplay; clipboard-write; encrypted-media; gyroscope; picture-in-picture; web-share\" referrerpolicy=\"strict-origin-when-cross-origin\" allowfullscreen><\/iframe>\n<\/div><\/figure>\n<\/div>\n\n\n\n<div class=\"wp-block-column is-layout-flow wp-block-column-is-layout-flow\" style=\"flex-basis:40%\">\n<div class=\"wp-block-group is-layout-constrained wp-block-group-is-layout-constrained\">\n<h2 class=\"wp-block-heading animated animated-fadeInUp has-background-color has-text-color\" style=\"font-size:60px;font-style:normal;font-weight:600\">Escrime artistique<\/h2>\n\n\n\n<div class=\"wp-block-group has-small-font-size is-layout-constrained wp-container-core-group-is-layout-19e250f3 wp-block-group-is-layout-constrained\" style=\"font-style:normal;font-weight:100\">\n<p class=\"has-background-color has-text-color\" style=\"font-size:17.6px\">L&rsquo;Escrime fait partie int\u00e9grante de notre Patrimoine et de notre Histoire, que ce soit comme moyen de se d\u00e9fendre ou en tant que discipline faisant partie de la biens\u00e9ance et du savoir vivre au m\u00eame titre que la danse, la musique, ou l&rsquo;\u00e9quitation.<\/p>\n\n\n\n<p class=\"has-white-color has-text-color\" style=\"font-size:17.6px\">L&rsquo;Escrime Artistique fait revivre la pratique de cette Escrime \u00e0 travers toutes les \u00e9poques, de l&rsquo;antiquit\u00e9 au d\u00e9but du XX\u00e8me si\u00e8cle, en passant par le Grand Si\u00e8cle et le Si\u00e8cle des Lumi\u00e8res.<\/p>\n\n\n\n<p class=\"has-white-color has-text-color\" style=\"font-size:17.6px\">Ce n&rsquo;est ni plus ni moins que l&rsquo;escrime de cape et d&rsquo;\u00e9p\u00e9e utilis\u00e9e dans les films, les pi\u00e8ces de th\u00e9\u00e2tre et les romans du m\u00eame nom.<\/p>\n\n\n\n<p class=\"has-white-color has-text-color\" style=\"font-size:17.6px\">Les armes multiples et vari\u00e9es s&rsquo;utilisent en fonction du si\u00e8cle consid\u00e9r\u00e9 : \u00e9p\u00e9e \u00e0 deux mains, hache, fl\u00e9au d&rsquo;armes, dague, rapi\u00e8re, b\u00e2tons, canne, \u00e9p\u00e9e, fleuret, sabre\u2026<\/p>\n\n\n\n<p class=\"has-white-color has-text-color\" style=\"font-size:17.6px\">L&rsquo;Escrime Artistique est un m\u00e9lange d&rsquo;activit\u00e9 sportive et de discipline artistique, o\u00f9 la d\u00e9pense physique, tr\u00e8s importante, c\u00f4toie all\u00e8grement le c\u00f4t\u00e9 com\u00e9dien, le tout incluant un aspect historique tr\u00e8s prononc\u00e9. Ivanho\u00e9, les Chevaliers de la Table Ronde, d&rsquo;Artagnan, Lagard\u00e8re, Fanfan la Tulipe\u2026.faisant partie de notre patrimoine culturel et historique !<\/p>\n\n\n\n<div class=\"wp-block-group is-layout-constrained wp-block-group-is-layout-constrained\">\n<p><\/p>\n<\/div>\n\n\n\n<div class=\"wp-block-group is-layout-constrained wp-block-group-is-layout-constrained\">\n<p>    &nbsp;&nbsp;&nbsp;<\/p>\n<\/div>\n\n\n\n<p><\/p>\n\n\n\n<p class=\"has-white-color has-text-color\"><\/p>\n<\/div>\n<\/div>\n<\/div>\n<\/div>\n<\/div>\n\n\n\n<div class=\"wp-block-group alignfull is-layout-constrained wp-block-group-is-layout-constrained\" style=\"margin-top:0;margin-bottom:0\">\n<div class=\"wp-block-group alignfull has-background-color has-text-color has-background is-layout-constrained wp-block-group-is-layout-constrained\" style=\"background-color:#041c2d;margin-top:0;margin-bottom:0\">\n<div class=\"wp-block-group alignfull is-layout-constrained wp-container-core-group-is-layout-e555385e wp-block-group-is-layout-constrained\">\n<h2 class=\"wp-block-heading has-text-align-center has-text-color\" style=\"color:#fb5b21;font-size:48px;font-style:normal;font-weight:500\">Horaires<\/h2>\n<\/div>\n\n\n\n<div class=\"wp-block-buttons is-content-justification-center is-layout-flex wp-container-core-buttons-is-layout-a89b3969 wp-block-buttons-is-layout-flex\">\n<div class=\"wp-block-button\"><a class=\"wp-block-button__link wp-element-button\" href=\"https:\/\/escrime-montpellier.fr\/index.php\/horaires-des-cours\/\">Consultez nos horaires sur la page d\u00e9di\u00e9e<\/a><\/div>\n<\/div>\n<\/div>\n<\/div>\n\n\n\n<div class=\"wp-block-group alignfull is-layout-constrained wp-block-group-is-layout-constrained\" style=\"margin-top:0;margin-bottom:0\">\n<div class=\"wp-block-group alignfull has-background is-layout-constrained wp-block-group-is-layout-constrained\" style=\"background-color:#041c2d;margin-top:0;margin-bottom:0\">\n<div class=\"wp-block-group alignfull is-layout-constrained wp-container-core-group-is-layout-19e250f3 wp-block-group-is-layout-constrained\">\n<h2 class=\"wp-block-heading has-text-align-center has-text-color\" style=\"color:#fb5b21;font-size:48px;font-style:normal;font-weight:700\">Tarifs<\/h2>\n\n\n\n<p class=\"has-text-align-center has-background-color has-text-color\">Cotisation annuelle comprenant la licence et l&rsquo;assurance FFE (Tarifs affich\u00e9s \u00e0 la salle)<\/p>\n<\/div>\n\n\n\n<div class=\"wp-block-columns alignwide is-layout-flex wp-container-core-columns-is-layout-f350720d wp-block-columns-is-layout-flex\" style=\"padding-top:20px\">\n<div class=\"wp-block-column is-vertically-aligned-center is-layout-flow wp-block-column-is-layout-flow\">\n<div class=\"wp-block-group alignwide has-shadow-dark animated animated-fadeInUp has-background is-layout-constrained wp-container-core-group-is-layout-51aacc7e wp-block-group-is-layout-constrained\" style=\"background-color:#03293b;padding-top:40px;padding-right:40px;padding-bottom:40px;padding-left:40px\">\n<p class=\"has-text-align-center has-background-color has-text-color\" style=\"font-size:30px\">Escrime artistique seule<\/p>\n\n\n\n<p class=\"has-text-align-center has-text-color\" style=\"color:#fb5b21;font-size:40px\">288\u20ac<\/p>\n\n\n\n<p class=\"has-text-align-center has-background-color has-text-color\" style=\"font-size:25px\">&nbsp;\/an<\/p>\n\n\n\n<div class=\"wp-block-buttons is-layout-flex wp-block-buttons-is-layout-flex\" style=\"margin-top:30px;margin-bottom:30px\">\n<div class=\"wp-block-button aligncenter is-style-outline is-style-outline--1\"><a class=\"wp-block-button__link has-background-color has-text-color wp-element-button\" href=\"https:\/\/escrime-montpellier.fr\/index.php\/fiche-dinscription\/\" style=\"border-radius:25px;padding-top:6px;padding-right:25px;padding-bottom:6px;padding-left:25px\">Inscrivez-vous<\/a><\/div>\n<\/div>\n<\/div>\n<\/div>\n\n\n\n<div class=\"wp-block-column is-layout-constrained wp-container-core-column-is-layout-201a1795 wp-block-column-is-layout-constrained\" style=\"padding-top:0px;padding-right:0px;padding-bottom:0px;padding-left:0px\">\n<div class=\"wp-block-group has-shadow-dark animated animated-fadeInUp has-background is-content-justification-center is-layout-constrained wp-container-core-group-is-layout-8524d09c wp-block-group-is-layout-constrained\" style=\"background-color:#03293b;padding-top:40px;padding-right:40px;padding-bottom:40px;padding-left:40px\">\n<p class=\"has-text-align-center has-background-color has-text-color\" style=\"font-size:30px\">Si en plus de l&rsquo;escrime comp\u00e9tition \/ loisir<\/p>\n\n\n\n<p class=\"has-text-align-center has-text-color\" style=\"color:#fb5b21;font-size:40px\">100\u20ac<\/p>\n\n\n\n<p class=\"has-text-align-center has-background-color has-text-color\" style=\"font-size:25px\">\/an<\/p>\n\n\n\n<div class=\"wp-block-buttons is-content-justification-center is-layout-flex wp-container-core-buttons-is-layout-4a83e1c2 wp-block-buttons-is-layout-flex\" style=\"margin-top:30px;margin-bottom:30px\">\n<div class=\"wp-block-button is-style-outline is-style-outline--2\"><a class=\"wp-block-button__link has-background-color has-text-color wp-element-button\" href=\"https:\/\/escrime-montpellier.fr\/index.php\/fiche-dinscription\/\" style=\"border-radius:25px;padding-top:6px;padding-right:25px;padding-bottom:6px;padding-left:25px\">Inscrivez-vous<\/a><\/div>\n<\/div>\n<\/div>\n<\/div>\n<\/div>\n<\/div>\n<\/div>\n\n\n\n<div class=\"wp-block-group alignfull is-layout-constrained wp-block-group-is-layout-constrained\" style=\"margin-top:0;margin-bottom:0\">\n<div class=\"wp-block-group alignfull has-background is-layout-constrained wp-container-core-group-is-layout-ce377239 wp-block-group-is-layout-constrained\" style=\"background-color:#041c2d;margin-top:0;margin-bottom:0\">\n<div class=\"wp-block-group is-layout-constrained wp-container-core-group-is-layout-334a2726 wp-block-group-is-layout-constrained\">\n<h5 class=\"wp-block-heading has-text-align-center has-text-color\" style=\"color:#fb5b21;font-size:17.6px;font-style:normal;font-weight:400\">Nos entraineurs<\/h5>\n\n\n\n<h2 class=\"wp-block-heading has-text-align-center has-background-color has-text-color\" style=\"font-size:48px;font-style:normal;font-weight:700\">Notre ma\u00eetre d&rsquo;armes<\/h2>\n\n\n\n<div class=\"wp-block-group has-tertiary-color has-text-color is-layout-constrained wp-container-core-group-is-layout-19e250f3 wp-block-group-is-layout-constrained\" style=\"font-size:17.6px;font-style:normal;font-weight:500\">\n<p class=\"has-text-align-center\">Exp\u00e9riment\u00e9 autant en artistique qu&rsquo;en sportif, il vous prodiguera les meilleurs conseils<\/p>\n<\/div>\n<\/div>\n\n\n\n<div class=\"wp-block-columns is-layout-flex wp-container-core-columns-is-layout-f93fcc32 wp-block-columns-is-layout-flex\" style=\"padding-top:20px;padding-right:20px;padding-bottom:20px;padding-left:20px\">\n<div class=\"wp-block-column has-background is-layout-flow wp-block-column-is-layout-flow\" style=\"background-color:#03293b\">\n<div class=\"wp-block-group is-layout-constrained wp-block-group-is-layout-constrained\">\n<figure data-wp-context=\"{&quot;imageId&quot;:&quot;69f066bf45be5&quot;}\" data-wp-interactive=\"core\/image\" data-wp-key=\"69f066bf45be5\" class=\"wp-block-image aligncenter size-large wp-lightbox-container\"><img loading=\"lazy\" decoding=\"async\" width=\"682\" height=\"1024\" data-wp-class--hide=\"state.isContentHidden\" data-wp-class--show=\"state.isContentVisible\" data-wp-init=\"callbacks.setButtonStyles\" data-wp-on--click=\"actions.showLightbox\" data-wp-on--load=\"callbacks.setButtonStyles\" data-wp-on-window--resize=\"callbacks.setButtonStyles\" src=\"http:\/\/escrime-montpellier.fr\/wp-content\/uploads\/2023\/12\/WhatsApp-Image-2023-12-13-a-21.57.09_faeeb8e3-1-682x1024.jpg\" alt=\"\" class=\"wp-image-2545\" srcset=\"https:\/\/www.escrime-montpellier.fr\/wp-content\/uploads\/2023\/12\/WhatsApp-Image-2023-12-13-a-21.57.09_faeeb8e3-1-682x1024.jpg 682w, https:\/\/www.escrime-montpellier.fr\/wp-content\/uploads\/2023\/12\/WhatsApp-Image-2023-12-13-a-21.57.09_faeeb8e3-1-200x300.jpg 200w, https:\/\/www.escrime-montpellier.fr\/wp-content\/uploads\/2023\/12\/WhatsApp-Image-2023-12-13-a-21.57.09_faeeb8e3-1-768x1153.jpg 768w, https:\/\/www.escrime-montpellier.fr\/wp-content\/uploads\/2023\/12\/WhatsApp-Image-2023-12-13-a-21.57.09_faeeb8e3-1-1023x1536.jpg 1023w, https:\/\/www.escrime-montpellier.fr\/wp-content\/uploads\/2023\/12\/WhatsApp-Image-2023-12-13-a-21.57.09_faeeb8e3-1-600x901.jpg 600w, https:\/\/www.escrime-montpellier.fr\/wp-content\/uploads\/2023\/12\/WhatsApp-Image-2023-12-13-a-21.57.09_faeeb8e3-1.jpg 1066w\" sizes=\"auto, (max-width: 682px) 100vw, 682px\" \/><button\n\t\t\tclass=\"lightbox-trigger\"\n\t\t\ttype=\"button\"\n\t\t\taria-haspopup=\"dialog\"\n\t\t\taria-label=\"Agrandir\"\n\t\t\tdata-wp-init=\"callbacks.initTriggerButton\"\n\t\t\tdata-wp-on--click=\"actions.showLightbox\"\n\t\t\tdata-wp-style--right=\"state.imageButtonRight\"\n\t\t\tdata-wp-style--top=\"state.imageButtonTop\"\n\t\t>\n\t\t\t<svg xmlns=\"http:\/\/www.w3.org\/2000\/svg\" width=\"12\" height=\"12\" fill=\"none\" viewBox=\"0 0 12 12\">\n\t\t\t\t<path fill=\"#fff\" d=\"M2 0a2 2 0 0 0-2 2v2h1.5V2a.5.5 0 0 1 .5-.5h2V0H2Zm2 10.5H2a.5.5 0 0 1-.5-.5V8H0v2a2 2 0 0 0 2 2h2v-1.5ZM8 12v-1.5h2a.5.5 0 0 0 .5-.5V8H12v2a2 2 0 0 1-2 2H8Zm2-12a2 2 0 0 1 2 2v2h-1.5V2a.5.5 0 0 0-.5-.5H8V0h2Z\" \/>\n\t\t\t<\/svg>\n\t\t<\/button><\/figure>\n<\/div>\n\n\n\n<div class=\"wp-block-group is-layout-constrained wp-container-core-group-is-layout-5acc742a wp-block-group-is-layout-constrained\" style=\"padding-top:10px;padding-right:10px;padding-bottom:40px;padding-left:10px\">\n<h2 class=\"wp-block-heading has-text-align-center has-background-color has-text-color\" style=\"font-size:28px\">Maitre d&rsquo;arme artistique et sportif<\/h2>\n\n\n\n<p class=\"has-text-align-center has-text-color\" style=\"color:#fb5b21;font-size:17.6px\">Maitre Gauthier Dussol a \u00e9t\u00e9 \u00ab\u00a0escrimeur\/cascadeur\u00a0\u00bb au Puy du Fou pendant deux saisons et aussi cascadeur dans plusieurs longs m\u00e9trages, notamment dans le film \u00ab\u00a0Les 3 mousquetaires\u00a0\u00bb (2023). Occasionnellement r\u00e9gleur sur des s\u00e9ries ou courts m\u00e9trages.<\/p>\n\n\n\n<p class=\"has-text-align-center has-text-color\" style=\"color:#fb5b21;font-size:17.6px\">En parall\u00e8le, il est aussi notre ma\u00eetre d&rsquo;arme pour l&rsquo;escrime artistique, mais aussi pour l&rsquo;escrime sportive. Son exp\u00e9rience inestimable vous permettra de progresser dans l&rsquo;escrime de cape et d&rsquo;\u00e9p\u00e9e.<\/p>\n\n\n\n<div class=\"wp-block-group alignwide is-layout-constrained wp-block-group-is-layout-constrained\" style=\"padding-bottom:10px\"><\/div>\n<\/div>\n<\/div>\n<\/div>\n<\/div>\n<\/div>\n","protected":false},"excerpt":{"rendered":"<p>Escrime artistique L&rsquo;Escrime fait partie int\u00e9grante de notre Patrimoine et de notre Histoire, que ce soit comme moyen de se d\u00e9fendre ou en tant que discipline faisant partie de la [&hellip;]<\/p>\n","protected":false},"author":1,"featured_media":0,"parent":0,"menu_order":0,"comment_status":"closed","ping_status":"closed","template":"page-no-title","meta":{"om_disable_all_campaigns":false,"_monsterinsights_skip_tracking":false,"_monsterinsights_sitenote_active":false,"_monsterinsights_sitenote_note":"","_monsterinsights_sitenote_category":0,"_uf_show_specific_survey":0,"_uf_disable_surveys":false,"footnotes":""},"categories":[],"tags":[],"class_list":["post-620","page","type-page","status-publish","hentry"],"aioseo_notices":[],"_links":{"self":[{"href":"https:\/\/www.escrime-montpellier.fr\/index.php\/wp-json\/wp\/v2\/pages\/620","targetHints":{"allow":["GET"]}}],"collection":[{"href":"https:\/\/www.escrime-montpellier.fr\/index.php\/wp-json\/wp\/v2\/pages"}],"about":[{"href":"https:\/\/www.escrime-montpellier.fr\/index.php\/wp-json\/wp\/v2\/types\/page"}],"author":[{"embeddable":true,"href":"https:\/\/www.escrime-montpellier.fr\/index.php\/wp-json\/wp\/v2\/users\/1"}],"replies":[{"embeddable":true,"href":"https:\/\/www.escrime-montpellier.fr\/index.php\/wp-json\/wp\/v2\/comments?post=620"}],"version-history":[{"count":47,"href":"https:\/\/www.escrime-montpellier.fr\/index.php\/wp-json\/wp\/v2\/pages\/620\/revisions"}],"predecessor-version":[{"id":3113,"href":"https:\/\/www.escrime-montpellier.fr\/index.php\/wp-json\/wp\/v2\/pages\/620\/revisions\/3113"}],"wp:attachment":[{"href":"https:\/\/www.escrime-montpellier.fr\/index.php\/wp-json\/wp\/v2\/media?parent=620"}],"wp:term":[{"taxonomy":"category","embeddable":true,"href":"https:\/\/www.escrime-montpellier.fr\/index.php\/wp-json\/wp\/v2\/categories?post=620"},{"taxonomy":"post_tag","embeddable":true,"href":"https:\/\/www.escrime-montpellier.fr\/index.php\/wp-json\/wp\/v2\/tags?post=620"}],"curies":[{"name":"wp","href":"https:\/\/api.w.org\/{rel}","templated":true}]}}