{"id":3116,"date":"2025-06-05T15:31:21","date_gmt":"2025-06-05T14:31:21","guid":{"rendered":"https:\/\/www.escrime-montpellier.fr\/?page_id=3116"},"modified":"2025-06-05T15:31:28","modified_gmt":"2025-06-05T14:31:28","slug":"formulaire-de-reinscription","status":"publish","type":"page","link":"https:\/\/www.escrime-montpellier.fr\/index.php\/formulaire-de-reinscription\/","title":{"rendered":"Formulaire de r\u00e9inscription"},"content":{"rendered":"\n<div class=\"wp-block-contact-form-7-contact-form-selector\">\n<div class=\"wpcf7 no-js\" id=\"wpcf7-f3115-o1\" lang=\"fr-FR\" dir=\"ltr\" data-wpcf7-id=\"3115\">\n<div class=\"screen-reader-response\"><p role=\"status\" aria-live=\"polite\" aria-atomic=\"true\"><\/p> <ul><\/ul><\/div>\n<form action=\"\/index.php\/wp-json\/wp\/v2\/pages\/3116#wpcf7-f3115-o1\" method=\"post\" class=\"wpcf7-form init\" aria-label=\"Formulaire de contact\" novalidate=\"novalidate\" data-status=\"init\">\n<fieldset class=\"hidden-fields-container\"><input type=\"hidden\" name=\"_wpcf7\" value=\"3115\" \/><input type=\"hidden\" name=\"_wpcf7_version\" value=\"6.1.4\" \/><input type=\"hidden\" name=\"_wpcf7_locale\" value=\"fr_FR\" \/><input type=\"hidden\" name=\"_wpcf7_unit_tag\" value=\"wpcf7-f3115-o1\" \/><input type=\"hidden\" name=\"_wpcf7_container_post\" value=\"0\" \/><input type=\"hidden\" name=\"_wpcf7_posted_data_hash\" value=\"\" \/>\n<\/fieldset>\n<div style=\"color:#fff\">\n\t<p><label> Nom adh\u00e9rent<br \/>\n<span class=\"wpcf7-form-control-wrap\" data-name=\"nom\"><input size=\"40\" maxlength=\"400\" class=\"wpcf7-form-control wpcf7-text wpcf7-validates-as-required\" aria-required=\"true\" aria-invalid=\"false\" value=\"\" type=\"text\" name=\"nom\" \/><\/span> <\/label>\n\t<\/p>\n\t<p><label> Pr\u00e9nom adh\u00e9rent<br \/>\n<span class=\"wpcf7-form-control-wrap\" data-name=\"prenom\"><input size=\"40\" maxlength=\"400\" class=\"wpcf7-form-control wpcf7-text wpcf7-validates-as-required\" aria-required=\"true\" aria-invalid=\"false\" value=\"\" type=\"text\" name=\"prenom\" \/><\/span> <\/label>\n\t<\/p>\n\t<p><label> Date de naissance<br \/>\n<span class=\"wpcf7-form-control-wrap\" data-name=\"date-naissance\"><input class=\"wpcf7-form-control wpcf7-date wpcf7-validates-as-date\" aria-invalid=\"false\" value=\"\" type=\"date\" name=\"date-naissance\" \/><\/span> <\/label>\n\t<\/p>\n\t<p><label> Adresse e-mail<br \/>\n<span class=\"wpcf7-form-control-wrap\" data-name=\"adresse-mail\"><input size=\"40\" maxlength=\"400\" class=\"wpcf7-form-control wpcf7-email wpcf7-validates-as-required wpcf7-text wpcf7-validates-as-email\" aria-required=\"true\" aria-invalid=\"false\" value=\"\" type=\"email\" name=\"adresse-mail\" \/><\/span> <\/label>\n\t<\/p>\n\t<p><label> Num\u00e9ro de t\u00e9l\u00e9phone<br \/>\n<span class=\"wpcf7-form-control-wrap\" data-name=\"num-tel\"><input size=\"40\" maxlength=\"12\" minlength=\"10\" class=\"wpcf7-form-control wpcf7-tel wpcf7-text wpcf7-validates-as-tel\" aria-invalid=\"false\" value=\"\" type=\"tel\" name=\"num-tel\" \/><\/span> <\/label>\n\t<\/p>\n\t<p>Pour la saison 2025-2026<br \/>\n<span class=\"wpcf7-form-control-wrap\" data-name=\"reinscription\"><span class=\"wpcf7-form-control wpcf7-checkbox\"><span class=\"wpcf7-list-item first\"><label><input type=\"checkbox\" name=\"reinscription[]\" value=\"Je ne souhaite pas me r\u00e9inscrire\" \/><span class=\"wpcf7-list-item-label\">Je ne souhaite pas me r\u00e9inscrire<\/span><\/label><\/span><span class=\"wpcf7-list-item\"><label><input type=\"checkbox\" name=\"reinscription[]\" value=\"Je suis M5 et je souhaite me r\u00e9inscrire (268 euros)\" \/><span class=\"wpcf7-list-item-label\">Je suis M5 et je souhaite me r\u00e9inscrire (268 euros)<\/span><\/label><\/span><span class=\"wpcf7-list-item\"><label><input type=\"checkbox\" name=\"reinscription[]\" value=\"Je suis M7-9 et je souhaite me r\u00e9inscrire (316 euros)\" \/><span class=\"wpcf7-list-item-label\">Je suis M7-9 et je souhaite me r\u00e9inscrire (316 euros)<\/span><\/label><\/span><span class=\"wpcf7-list-item\"><label><input type=\"checkbox\" name=\"reinscription[]\" value=\"Je suis M11-13-15-17-20 et je souhaite me r\u00e9inscrire (346 euros)\" \/><span class=\"wpcf7-list-item-label\">Je suis M11-13-15-17-20 et je souhaite me r\u00e9inscrire (346 euros)<\/span><\/label><\/span><span class=\"wpcf7-list-item\"><label><input type=\"checkbox\" name=\"reinscription[]\" value=\"Je suis s\u00e9nior\/v\u00e9t\u00e9ran et je souhaite me r\u00e9inscrire (362 euros)\" \/><span class=\"wpcf7-list-item-label\">Je suis s\u00e9nior\/v\u00e9t\u00e9ran et je souhaite me r\u00e9inscrire (362 euros)<\/span><\/label><\/span><span class=\"wpcf7-list-item last\"><label><input type=\"checkbox\" name=\"reinscription[]\" value=\"Je souhaite me r\u00e9inscrire \u00e0 l&#039;escrime artistique (288 euros)\" \/><span class=\"wpcf7-list-item-label\">Je souhaite me r\u00e9inscrire \u00e0 l&#039;escrime artistique (288 euros)<\/span><\/label><\/span><\/span><\/span>\n\t<\/p>\n\t<p><input class=\"wpcf7-form-control wpcf7-submit has-spinner\" type=\"submit\" value=\"Envoyer\" \/>\n\t<\/p>\n<\/div><div class=\"wpcf7-response-output\" aria-hidden=\"true\"><\/div>\n<\/form>\n<\/div>\n<\/div>\n\n\n\n<p><\/p>\n","protected":false},"excerpt":{"rendered":"","protected":false},"author":3,"featured_media":0,"parent":0,"menu_order":0,"comment_status":"closed","ping_status":"closed","template":"","meta":{"om_disable_all_campaigns":false,"_monsterinsights_skip_tracking":false,"_monsterinsights_sitenote_active":false,"_monsterinsights_sitenote_note":"","_monsterinsights_sitenote_category":0,"_uf_show_specific_survey":0,"_uf_disable_surveys":false,"footnotes":""},"categories":[],"tags":[],"class_list":["post-3116","page","type-page","status-publish","hentry"],"aioseo_notices":[],"_links":{"self":[{"href":"https:\/\/www.escrime-montpellier.fr\/index.php\/wp-json\/wp\/v2\/pages\/3116","targetHints":{"allow":["GET"]}}],"collection":[{"href":"https:\/\/www.escrime-montpellier.fr\/index.php\/wp-json\/wp\/v2\/pages"}],"about":[{"href":"https:\/\/www.escrime-montpellier.fr\/index.php\/wp-json\/wp\/v2\/types\/page"}],"author":[{"embeddable":true,"href":"https:\/\/www.escrime-montpellier.fr\/index.php\/wp-json\/wp\/v2\/users\/3"}],"replies":[{"embeddable":true,"href":"https:\/\/www.escrime-montpellier.fr\/index.php\/wp-json\/wp\/v2\/comments?post=3116"}],"version-history":[{"count":1,"href":"https:\/\/www.escrime-montpellier.fr\/index.php\/wp-json\/wp\/v2\/pages\/3116\/revisions"}],"predecessor-version":[{"id":3117,"href":"https:\/\/www.escrime-montpellier.fr\/index.php\/wp-json\/wp\/v2\/pages\/3116\/revisions\/3117"}],"wp:attachment":[{"href":"https:\/\/www.escrime-montpellier.fr\/index.php\/wp-json\/wp\/v2\/media?parent=3116"}],"wp:term":[{"taxonomy":"category","embeddable":true,"href":"https:\/\/www.escrime-montpellier.fr\/index.php\/wp-json\/wp\/v2\/categories?post=3116"},{"taxonomy":"post_tag","embeddable":true,"href":"https:\/\/www.escrime-montpellier.fr\/index.php\/wp-json\/wp\/v2\/tags?post=3116"}],"curies":[{"name":"wp","href":"https:\/\/api.w.org\/{rel}","templated":true}]}}