{"id":1670,"date":"2023-02-07T07:18:50","date_gmt":"2023-02-07T07:18:50","guid":{"rendered":"https:\/\/escrime-montpellier.fr\/?page_id=1670"},"modified":"2023-07-02T13:48:19","modified_gmt":"2023-07-02T12:48:19","slug":"historique","status":"publish","type":"page","link":"https:\/\/www.escrime-montpellier.fr\/index.php\/historique\/","title":{"rendered":"Historique"},"content":{"rendered":"\n<p>Le MUC est escrime est n\u00e9 dans le d\u00e9but des ann\u00e9es \u00ab\u00a0soixante\u00a0\u00bb \u00e0 la suite de la disparition de l&rsquo;association Jean-Louis parmi lesquels il y avait Ghislain Vayssi\u00e8re et Robert  Valentin.<\/p>\n\n\n\n<p>Quelques anciens du prestigieux club disparu, parmi lesquels Fran\u00e7ois Romieu, Ghislain Vayssi\u00e8re et le ma\u00eetre A. Montignac cr\u00e9\u00e8rent un club d&rsquo;escrime, fortement bas\u00e9 sur un recrutement d&rsquo;\u00e9tudiants, dont les activit\u00e9s se poursuivaient dans la salle \u00ab\u00a0Firmin\u00a0\u00bb, rue Stanislas Digeon (pr\u00e8s du palais de Justice), abritant essentiellement des halt\u00e9rophiles.<\/p>\n\n\n\n<p>En 1966, le MUC-Escrime s&rsquo;identifie pleinement en s&rsquo;installant dans une ancienne chapelle, rue de la petite Corraterie (pr\u00e8s du Boulevard Louis Blanc).<\/p>\n\n\n\n<p>En 1969, le club s&rsquo;installe dans les locaux anciennement occup\u00e9s par la perception des Facult\u00e9s, rue Carr\u00e9 du roi. Fran\u00e7ois Romieu en est alors le pr\u00e9sident. Deux pauvres pistes font l&rsquo;affaire d&rsquo;une trentaine d&rsquo;adh\u00e9rents parmi lesquels Ghislain Vayssi\u00e8re, pr\u00e9sident de la ligue, Jean Fran\u00e7ois Mah\u00e9, pr\u00e9sident du club (fils d&rsquo;un tireur international), Bretrand Bibent, une des premiers occupants de la salle Firmin, Vice-pr\u00e9sident du club. Claude Canelier et Jean-Fran\u00e7ois Bresson, membres du bureau du Club, et enfin Jean-Fran\u00e7ois Fontana.<\/p>\n\n\n\n<p>Les changements de Mai 68 se font sentir au Club o\u00f9 Fran\u00e7ois Romieu laisse la pr\u00e9sidence  \u00e0 un \u00e9tudiant Pierre-Marie Grappin, pr\u00e9sident de l&rsquo;AGEM, actuellement avocat et membre du bureau du bureau du M.H.S.C. Apr\u00e8s deux ans de pr\u00e9sidence de P.M Grappin, X. Louis, professeur \u00e0 la Facult\u00e9 des Sciences, ancien du P.U.C, prend la rel\u00e8ve mais d\u00e9missionne assez vite et c&rsquo;est Fran\u00e7ois Mah\u00e9 qui d\u00e8s 1974 le remplace \u00e0 la pr\u00e9sidence. C&rsquo;est l&rsquo;\u00e9poque o\u00f9 Yves Lavoipierre, Conseiller Technique D\u00e9partemental de la jeunesse et des Sports, vient seconder le Ma\u00eetre Montignac. Mais sa carri\u00e8re sera de courte dur\u00e9e car il d\u00e9c\u00e8dera peu de temps apr\u00e8s. Le poste de CTD sera bien heureusement \u00ab\u00a0conserv\u00e9'\u00a0\u00bb par le Club qui pourra voir venir depuis Lille (L.U.C) un nouveau Ma\u00eetre d&rsquo;armes et CTD, Marc Dumuin. En septembre 1975, Ma\u00eetre Dumuin ouvrit le Club aux enfants \u00e0 partir de 6 ans (Patrick Fontannely, Vincent Godfroy).<\/p>\n\n\n\n<p>Depuis date \u00e0 mai 1991, mois de son d\u00e9c\u00e9 pr\u00e9matur\u00e9, Marc Dumuin a \u00e9t\u00e9 l&rsquo;\u00e9l\u00e9ment moteur quasi unique de ce Club, dont il a assur\u00e9 le transfert au gymnase des arceaux, en 1986. De 2 petites pistes enfin \u00e9lectrifi\u00e9es de la rue du Carr\u00e9 du Roi, la salle est pass\u00e9e \u00e0 6 pistes \u00e9lectrifi\u00e9es et la surface \u00e0 quadrupl\u00e9e. Dans la m\u00eame p\u00e9riode, le nombre de licenci\u00e9s \u00e0 est pass\u00e9 de 27 \u00e0 180. Pendant tr\u00e8s longtemps Ma\u00eetre Marc Dumuin a \u00e9t\u00e9 aid\u00e9 par Ma\u00eetre Adrien Pilli, puis par sa fille Pascale (qui \u00e9tait \u00e9galement une skieuse \u00e9m\u00e9rite), \u00e9galement Ma\u00eetre d&rsquo;armes et deux moniteurs Vincent GodFroy et Laurent Pichot.<\/p>\n\n\n\n<p>Pascale a du quitter le club pour partir au Mexique pour des raison familiales.<\/p>\n\n\n\n<p>Gilles Fr\u00e9daigues arrive aussi en renfort en septembre 1991. Adjudant-chef qui a consacr\u00e9 plus de 20 ans \u00e0 son sport favori. Champion de France des enseignants \u00e0 l&rsquo;\u00e9p\u00e9e en 1975 et 1983. Chef de cours \u00e0 l&rsquo;\u00e9cole polytechnique pendant 12 ans, il a eu l&rsquo;aval du g\u00e9n\u00e9ral commandant de l&rsquo;EAI, permettant ainsi \u00e0 25 tireurs de l&rsquo;\u00e9cole d&rsquo;application de se joindre aux entra\u00eenements du MUC.<\/p>\n\n\n\n<p>En 1992, arrive Ma\u00eetre Barth\u00e9l\u00e9my pour renforcer le groupe des Ma\u00eetres d&rsquo;Armes. Un comp\u00e9titeur qui n&rsquo;h\u00e9sitait pas \u00e0 se frotter \u00e0 ses \u00e9l\u00e8ves sans pour autant faire de la figuration.<\/p>\n\n\n\n<p>En 1995, le Club d\u00e9passe les 200 licenci\u00e9s.<\/p>\n\n\n\n<p>En novembre 1997, apr\u00e8s la d\u00e9cision de la mairie de raser le gymnase des arceaux, le Club emm\u00e9nage dans une nouvelle salle dans les sous-sols de l&rsquo;espace Pit\u00f4t. 1042m\u00b2 de surface, des gradins pouvant recevoir 80 personnes, une mezzanine de 78m\u00b2 pour les locaux du club, 93m\u00b2 pour les vestiaires et une salle de rangement, une infirmerie de 14m\u00b2, un local arbitre de 10m\u00b2 et surtout 20 pistes \u00e9lectrifi\u00e9es donc 14 pistes comp\u00e9titions, 5 pistes d&rsquo;entrainement, et une piste podium.<\/p>\n\n\n\n<p>Maitre Beno\u00eet Gally, redoutable comp\u00e9titeur au fleuret, rejoint l&rsquo;\u00e9quipe en 2000.<\/p>\n\n\n\n<p>D\u00e9cembre 2020, Bruno Humbert, escrimeur depuis l&rsquo;\u00e2ge de 5 ans, et adh\u00e9rant du Club depuis 2008, devient le nouveau pr\u00e9sident. Une personnalit\u00e9 pleine d&rsquo;\u00e9nergie et comp\u00e9tente qui pousse le club vers l&rsquo;avant.<\/p>\n\n\n\n<p>Et deux ma\u00eetres d&rsquo;armes arrivent pour d\u00e9velopper de nouvelles disciplines, Ma\u00eetre Gauthier Dussol en 2020 (Ma\u00eetre d&rsquo;Armes sportive, sp\u00e9cialis\u00e9 en escrime artistique) et Ma\u00eetre Roselyne Petiot en 2019 (Ma\u00eetre d&rsquo;Armes sportive, sp\u00e9cialis\u00e9e en en Escrime sant\u00e9).<\/p>\n\n\n\n<p>En 2022, apr\u00e8s 29 ans en tant que Ma\u00eetre d&rsquo;Armes, Ma\u00eetre Yves Barth\u00e9l\u00e9my prend sa retraite.<\/p>\n\n\n\n<p><\/p>\n","protected":false},"excerpt":{"rendered":"<p>Le MUC est escrime est n\u00e9 dans le d\u00e9but des ann\u00e9es \u00ab\u00a0soixante\u00a0\u00bb \u00e0 la suite de la disparition de l&rsquo;association Jean-Louis parmi lesquels il y avait Ghislain Vayssi\u00e8re et Robert [&hellip;]<\/p>\n","protected":false},"author":1,"featured_media":0,"parent":0,"menu_order":0,"comment_status":"closed","ping_status":"closed","template":"","meta":{"om_disable_all_campaigns":false,"_monsterinsights_skip_tracking":false,"_monsterinsights_sitenote_active":false,"_monsterinsights_sitenote_note":"","_monsterinsights_sitenote_category":0,"_uf_show_specific_survey":0,"_uf_disable_surveys":false,"footnotes":""},"categories":[],"tags":[],"class_list":["post-1670","page","type-page","status-publish","hentry"],"aioseo_notices":[],"_links":{"self":[{"href":"https:\/\/www.escrime-montpellier.fr\/index.php\/wp-json\/wp\/v2\/pages\/1670","targetHints":{"allow":["GET"]}}],"collection":[{"href":"https:\/\/www.escrime-montpellier.fr\/index.php\/wp-json\/wp\/v2\/pages"}],"about":[{"href":"https:\/\/www.escrime-montpellier.fr\/index.php\/wp-json\/wp\/v2\/types\/page"}],"author":[{"embeddable":true,"href":"https:\/\/www.escrime-montpellier.fr\/index.php\/wp-json\/wp\/v2\/users\/1"}],"replies":[{"embeddable":true,"href":"https:\/\/www.escrime-montpellier.fr\/index.php\/wp-json\/wp\/v2\/comments?post=1670"}],"version-history":[{"count":19,"href":"https:\/\/www.escrime-montpellier.fr\/index.php\/wp-json\/wp\/v2\/pages\/1670\/revisions"}],"predecessor-version":[{"id":2313,"href":"https:\/\/www.escrime-montpellier.fr\/index.php\/wp-json\/wp\/v2\/pages\/1670\/revisions\/2313"}],"wp:attachment":[{"href":"https:\/\/www.escrime-montpellier.fr\/index.php\/wp-json\/wp\/v2\/media?parent=1670"}],"wp:term":[{"taxonomy":"category","embeddable":true,"href":"https:\/\/www.escrime-montpellier.fr\/index.php\/wp-json\/wp\/v2\/categories?post=1670"},{"taxonomy":"post_tag","embeddable":true,"href":"https:\/\/www.escrime-montpellier.fr\/index.php\/wp-json\/wp\/v2\/tags?post=1670"}],"curies":[{"name":"wp","href":"https:\/\/api.w.org\/{rel}","templated":true}]}}