{"id":1639,"date":"2023-02-05T16:55:30","date_gmt":"2023-02-05T16:55:30","guid":{"rendered":"https:\/\/escrime-montpellier.fr\/?page_id=1639"},"modified":"2025-07-02T18:05:15","modified_gmt":"2025-07-02T17:05:15","slug":"categories-et-tarifs","status":"publish","type":"page","link":"https:\/\/www.escrime-montpellier.fr\/index.php\/categories-et-tarifs\/","title":{"rendered":"Tarifs 2025-2026"},"content":{"rendered":"\n<h2 class=\"wp-block-heading has-text-align-center has-luminous-vivid-orange-color has-text-color has-slider-title-font-size\">Escrime sportive (\u00e9p\u00e9e, fleuret)<\/h2>\n\n\n\n<div class=\"wp-block-group alignfull is-content-justification-center is-layout-constrained wp-block-group-is-layout-constrained\">\n<div class=\"wp-block-columns alignwide is-layout-flex wp-container-core-columns-is-layout-28f84493 wp-block-columns-is-layout-flex\">\n<div class=\"wp-block-column is-layout-flow wp-block-column-is-layout-flow\">\n<div class=\"wp-block-group is-layout-constrained wp-block-group-is-layout-constrained\">\n<div class=\"wp-block-group is-layout-constrained wp-block-group-is-layout-constrained\">\n<div class=\"wp-block-columns is-layout-flex wp-container-core-columns-is-layout-28f84493 wp-block-columns-is-layout-flex\">\n<div class=\"wp-block-column is-layout-flow wp-block-column-is-layout-flow\" style=\"flex-basis:100%\">\n<div class=\"wp-block-group is-layout-constrained wp-block-group-is-layout-constrained\">\n<div class=\"wp-block-group alignwide has-shadow-dark animated animated-fadeInUp has-background is-layout-constrained wp-container-core-group-is-layout-51aacc7e wp-block-group-is-layout-constrained\" style=\"background-color:#03293b;padding-top:40px;padding-right:40px;padding-bottom:40px;padding-left:40px\">\n<h3 class=\"wp-block-heading has-text-align-center has-background-color has-text-color\" style=\"margin-top:10px;margin-right:10px;margin-bottom:10px;margin-left:10px;font-size:30px;font-style:normal;font-weight:400\">5 ans (\u00e9veil escrime)<\/h3>\n\n\n\n<div class=\"wp-block-group is-layout-constrained wp-container-core-group-is-layout-19e250f3 wp-block-group-is-layout-constrained\">\n<p class=\"has-text-align-center has-text-color\" style=\"color:#fb5b21;font-size:40px\">268\u20ac<\/p>\n\n\n\n<p class=\"has-text-align-center has-background-color has-text-color\" style=\"font-size:25px\">&nbsp;\/an<\/p>\n<\/div>\n\n\n\n<div class=\"wp-block-buttons is-layout-flex wp-block-buttons-is-layout-flex\" style=\"margin-top:30px;margin-bottom:30px\">\n<div class=\"wp-block-button aligncenter is-style-outline is-style-outline--1\"><a class=\"wp-block-button__link has-background-color has-text-color wp-element-button\" href=\"https:\/\/escrime-montpellier.fr\/index.php\/inscription\/\" style=\"border-radius:25px;padding-top:6px;padding-right:25px;padding-bottom:6px;padding-left:25px\">Inscrivez-vous<\/a><\/div>\n<\/div>\n<\/div>\n<\/div>\n<\/div>\n<\/div>\n<\/div>\n<\/div>\n<\/div>\n\n\n\n<div class=\"wp-block-column is-layout-flow wp-block-column-is-layout-flow\">\n<div class=\"wp-block-group is-layout-constrained wp-block-group-is-layout-constrained\">\n<div class=\"wp-block-group alignwide has-shadow-dark animated animated-fadeInUp has-background is-layout-constrained wp-container-core-group-is-layout-51aacc7e wp-block-group-is-layout-constrained\" style=\"background-color:#03293b;padding-top:40px;padding-right:40px;padding-bottom:40px;padding-left:40px\">\n<h3 class=\"wp-block-heading has-text-align-center has-background-color has-text-color\" style=\"margin-top:10px;margin-right:10px;margin-bottom:10px;margin-left:10px;font-size:30px;font-style:normal;font-weight:400\">Moins de 9 ans<\/h3>\n\n\n\n<div class=\"wp-block-group is-layout-constrained wp-container-core-group-is-layout-19e250f3 wp-block-group-is-layout-constrained\">\n<p class=\"has-text-align-center has-text-color\" style=\"color:#fb5b21;font-size:40px\">316\u20ac<\/p>\n\n\n\n<p class=\"has-text-align-center has-background-color has-text-color\" style=\"font-size:25px\">&nbsp;\/an<\/p>\n<\/div>\n\n\n\n<div class=\"wp-block-buttons is-layout-flex wp-block-buttons-is-layout-flex\" style=\"margin-top:30px;margin-bottom:30px\">\n<div class=\"wp-block-button aligncenter is-style-outline is-style-outline--2\"><a class=\"wp-block-button__link has-background-color has-text-color wp-element-button\" href=\"https:\/\/escrime-montpellier.fr\/index.php\/inscription\/\" style=\"border-radius:25px;padding-top:6px;padding-right:25px;padding-bottom:6px;padding-left:25px\">Inscrivez-vous<\/a><\/div>\n<\/div>\n<\/div>\n<\/div>\n<\/div>\n\n\n\n<div class=\"wp-block-column is-layout-flow wp-block-column-is-layout-flow\">\n<div class=\"wp-block-group alignwide has-shadow-dark animated animated-fadeInUp has-background is-layout-constrained wp-container-core-group-is-layout-51aacc7e wp-block-group-is-layout-constrained\" style=\"background-color:#03293b;padding-top:40px;padding-right:40px;padding-bottom:40px;padding-left:40px\">\n<h3 class=\"wp-block-heading has-text-align-center has-background-color has-text-color\" style=\"margin-top:10px;margin-right:10px;margin-bottom:10px;margin-left:10px;font-size:30px;font-style:normal;font-weight:400\">Moins de 20 ans<\/h3>\n\n\n\n<div class=\"wp-block-group is-layout-constrained wp-container-core-group-is-layout-19e250f3 wp-block-group-is-layout-constrained\">\n<p class=\"has-text-align-center has-text-color\" style=\"color:#fb5b21;font-size:40px\">346\u20ac<\/p>\n\n\n\n<p class=\"has-text-align-center has-background-color has-text-color\" style=\"font-size:25px\">&nbsp;\/an<\/p>\n<\/div>\n\n\n\n<div class=\"wp-block-buttons is-layout-flex wp-block-buttons-is-layout-flex\" style=\"margin-top:30px;margin-bottom:30px\">\n<div class=\"wp-block-button aligncenter is-style-outline is-style-outline--3\"><a class=\"wp-block-button__link has-background-color has-text-color wp-element-button\" href=\"https:\/\/escrime-montpellier.fr\/index.php\/inscription\/\" style=\"border-radius:25px;padding-top:6px;padding-right:25px;padding-bottom:6px;padding-left:25px\">Inscrivez-vous<\/a><\/div>\n<\/div>\n<\/div>\n<\/div>\n\n\n\n<div class=\"wp-block-column is-layout-flow wp-block-column-is-layout-flow\">\n<div class=\"wp-block-group alignwide has-shadow-dark animated animated-fadeInUp has-background is-layout-constrained wp-container-core-group-is-layout-51aacc7e wp-block-group-is-layout-constrained\" style=\"background-color:#03293b;padding-top:40px;padding-right:40px;padding-bottom:40px;padding-left:40px\">\n<h3 class=\"wp-block-heading has-text-align-center has-background-color has-text-color\" style=\"margin-top:10px;margin-right:10px;margin-bottom:10px;margin-left:10px;font-size:30px;font-style:normal;font-weight:400\">\u00c9tudiants<\/h3>\n\n\n\n<p class=\"has-text-align-center has-text-color\" style=\"color:#fb5b21;font-size:40px\">307\u20ac<\/p>\n\n\n\n<div class=\"wp-block-group is-layout-constrained wp-container-core-group-is-layout-19e250f3 wp-block-group-is-layout-constrained\">\n<p class=\"has-text-align-center has-background-color has-text-color\" style=\"font-size:25px\">&nbsp;\/an<\/p>\n<\/div>\n\n\n\n<div class=\"wp-block-buttons is-layout-flex wp-block-buttons-is-layout-flex\" style=\"margin-top:30px;margin-bottom:30px\">\n<div class=\"wp-block-button aligncenter is-style-outline is-style-outline--4\"><a class=\"wp-block-button__link has-background-color has-text-color wp-element-button\" href=\"https:\/\/escrime-montpellier.fr\/index.php\/inscription\/\" style=\"border-radius:25px;padding-top:6px;padding-right:25px;padding-bottom:6px;padding-left:25px\">Inscrivez-vous<\/a><\/div>\n<\/div>\n<\/div>\n<\/div>\n\n\n\n<div class=\"wp-block-column is-layout-flow wp-block-column-is-layout-flow\">\n<div class=\"wp-block-group alignwide has-shadow-dark animated animated-fadeInUp has-background is-layout-constrained wp-container-core-group-is-layout-51aacc7e wp-block-group-is-layout-constrained\" style=\"background-color:#03293b;padding-top:40px;padding-right:40px;padding-bottom:40px;padding-left:40px\">\n<h3 class=\"wp-block-heading has-text-align-center has-background-color has-text-color\" style=\"margin-top:10px;margin-right:10px;margin-bottom:10px;margin-left:10px;font-size:30px;font-style:normal;font-weight:400\">Senior V\u00e9t\u00e9rans<\/h3>\n\n\n\n<div class=\"wp-block-group is-layout-constrained wp-container-core-group-is-layout-19e250f3 wp-block-group-is-layout-constrained\">\n<p class=\"has-text-align-center has-text-color\" style=\"color:#fb5b21;font-size:40px\">362\u20ac<\/p>\n\n\n\n<p class=\"has-text-align-center has-background-color has-text-color\" style=\"font-size:25px\">&nbsp;\/an<\/p>\n<\/div>\n\n\n\n<div class=\"wp-block-buttons is-layout-flex wp-block-buttons-is-layout-flex\" style=\"margin-top:30px;margin-bottom:30px\">\n<div class=\"wp-block-button aligncenter is-style-outline is-style-outline--5\"><a class=\"wp-block-button__link has-background-color has-text-color wp-element-button\" href=\"https:\/\/escrime-montpellier.fr\/index.php\/inscription\/\" style=\"border-radius:25px;padding-top:6px;padding-right:25px;padding-bottom:6px;padding-left:25px\">Inscrivez-vous<\/a><\/div>\n<\/div>\n<\/div>\n<\/div>\n<\/div>\n<\/div>\n\n\n\n<h2 class=\"wp-block-heading has-text-align-center has-luminous-vivid-orange-color has-text-color has-slider-title-font-size\">Escrime artistique (rapi\u00e8re)<\/h2>\n\n\n\n<div class=\"wp-block-group alignfull is-layout-constrained wp-block-group-is-layout-constrained\">\n<div class=\"wp-block-columns alignwide is-layout-flex wp-container-core-columns-is-layout-28f84493 wp-block-columns-is-layout-flex\">\n<div class=\"wp-block-column is-layout-flow wp-block-column-is-layout-flow\">\n<div class=\"wp-block-group alignwide has-shadow-dark animated animated-fadeInUp has-background is-layout-constrained wp-container-core-group-is-layout-51aacc7e wp-block-group-is-layout-constrained\" style=\"background-color:#03293b;padding-top:40px;padding-right:40px;padding-bottom:40px;padding-left:40px\">\n<p class=\"has-text-align-center has-background-color has-text-color\" style=\"font-size:30px\">Escrime artistique seule<\/p>\n\n\n\n<p class=\"has-text-align-center has-text-color\" style=\"color:#fb5b21;font-size:40px\">288\u20ac<\/p>\n\n\n\n<p class=\"has-text-align-center has-background-color has-text-color\" style=\"font-size:25px\">&nbsp;\/an<\/p>\n\n\n\n<div class=\"wp-block-buttons is-layout-flex wp-block-buttons-is-layout-flex\" style=\"margin-top:30px;margin-bottom:30px\">\n<div class=\"wp-block-button aligncenter is-style-outline is-style-outline--6\"><a class=\"wp-block-button__link has-background-color has-text-color wp-element-button\" href=\"https:\/\/escrime-montpellier.fr\/index.php\/fiche-dinscription\/\" style=\"border-radius:25px;padding-top:6px;padding-right:25px;padding-bottom:6px;padding-left:25px\">Inscrivez-vous<\/a><\/div>\n<\/div>\n<\/div>\n<\/div>\n\n\n\n<div class=\"wp-block-column is-layout-flow wp-block-column-is-layout-flow\">\n<div class=\"wp-block-group has-shadow-dark animated animated-fadeInUp has-background is-content-justification-center is-layout-constrained wp-container-core-group-is-layout-8524d09c wp-block-group-is-layout-constrained\" style=\"background-color:#03293b;padding-top:40px;padding-right:40px;padding-bottom:40px;padding-left:40px\">\n<p class=\"has-text-align-center has-background-color has-text-color\" style=\"font-size:30px\">Si en plus de l&rsquo;escrime comp\u00e9tition \/ loisir<\/p>\n\n\n\n<p class=\"has-text-align-center has-text-color\" style=\"color:#fb5b21;font-size:40px\">100\u20ac<\/p>\n\n\n\n<p class=\"has-text-align-center has-background-color has-text-color\" style=\"font-size:25px\">\/an<\/p>\n\n\n\n<div class=\"wp-block-buttons is-content-justification-center is-layout-flex wp-container-core-buttons-is-layout-4a83e1c2 wp-block-buttons-is-layout-flex\" style=\"margin-top:30px;margin-bottom:30px\">\n<div class=\"wp-block-button is-style-outline is-style-outline--7\"><a class=\"wp-block-button__link has-background-color has-text-color wp-element-button\" href=\"https:\/\/escrime-montpellier.fr\/index.php\/fiche-dinscription\/\" style=\"border-radius:25px;padding-top:6px;padding-right:25px;padding-bottom:6px;padding-left:25px\">Inscrivez-vous<\/a><\/div>\n<\/div>\n<\/div>\n<\/div>\n<\/div>\n<\/div>\n\n\n\n<h2 class=\"wp-block-heading has-text-align-center has-luminous-vivid-orange-color has-text-color has-slider-title-font-size\">Escrime sant\u00e9 (sabre)<\/h2>\n\n\n\n<div class=\"wp-block-group alignfull is-layout-constrained wp-block-group-is-layout-constrained\">\n<div class=\"wp-block-columns alignwide is-layout-flex wp-container-core-columns-is-layout-28f84493 wp-block-columns-is-layout-flex\">\n<div class=\"wp-block-column is-layout-flow wp-block-column-is-layout-flow\">\n<div class=\"wp-block-group alignwide has-shadow-dark animated animated-fadeInUp has-background is-layout-constrained wp-container-core-group-is-layout-51aacc7e wp-block-group-is-layout-constrained\" style=\"background-color:#03293b;padding-top:40px;padding-right:40px;padding-bottom:40px;padding-left:40px\">\n<div class=\"wp-block-group is-layout-flow wp-block-group-is-layout-flow\" style=\"padding-bottom:15px\"><\/div>\n\n\n\n<h3 class=\"wp-block-heading has-text-align-center has-background-color has-text-color\" style=\"margin-top:10px;margin-right:10px;margin-bottom:10px;margin-left:10px;font-size:30px;font-style:normal;font-weight:400\">Premi\u00e8re ann\u00e9e<\/h3>\n\n\n\n<div class=\"wp-block-group is-layout-constrained wp-container-core-group-is-layout-19e250f3 wp-block-group-is-layout-constrained\">\n<p class=\"has-text-align-center has-text-color\" style=\"color:#fb5b21;font-size:40px\">Gratuit<\/p>\n\n\n\n<p class=\"has-text-align-center has-background-color has-text-color\" style=\"font-size:25px\">&nbsp;\/an<\/p>\n<\/div>\n\n\n\n<div class=\"wp-block-buttons is-layout-flex wp-block-buttons-is-layout-flex\" style=\"margin-top:30px;margin-bottom:30px\">\n<div class=\"wp-block-button aligncenter is-style-outline is-style-outline--8\"><a class=\"wp-block-button__link has-background-color has-text-color wp-element-button\" href=\"https:\/\/escrime-montpellier.fr\/index.php\/inscription\/\" style=\"border-radius:25px;padding-top:6px;padding-right:25px;padding-bottom:6px;padding-left:25px\">Inscrivez-vous<\/a><\/div>\n<\/div>\n<\/div>\n<\/div>\n\n\n\n<div class=\"wp-block-column is-layout-flow wp-block-column-is-layout-flow\">\n<div class=\"wp-block-group alignwide has-shadow-dark animated animated-fadeInUp has-background is-layout-constrained wp-container-core-group-is-layout-51aacc7e wp-block-group-is-layout-constrained\" style=\"background-color:#03293b;padding-top:40px;padding-right:40px;padding-bottom:40px;padding-left:40px\">\n<div class=\"wp-block-group is-layout-flow wp-block-group-is-layout-flow\" style=\"padding-bottom:15px\"><\/div>\n\n\n\n<h3 class=\"wp-block-heading has-text-align-center has-background-color has-text-color\" style=\"margin-top:10px;margin-right:10px;margin-bottom:10px;margin-left:10px;font-size:30px;font-style:normal;font-weight:400\">R\u00e9inscription<\/h3>\n\n\n\n<div class=\"wp-block-group is-layout-constrained wp-container-core-group-is-layout-19e250f3 wp-block-group-is-layout-constrained\">\n<p class=\"has-text-align-center has-text-color\" style=\"color:#fb5b21;font-size:40px\">173\u20ac<\/p>\n\n\n\n<p class=\"has-text-align-center has-background-color has-text-color\" style=\"font-size:25px\">&nbsp;\/an<\/p>\n<\/div>\n\n\n\n<div class=\"wp-block-buttons is-layout-flex wp-block-buttons-is-layout-flex\" style=\"margin-top:30px;margin-bottom:30px\">\n<div class=\"wp-block-button aligncenter is-style-outline is-style-outline--9\"><a class=\"wp-block-button__link has-background-color has-text-color wp-element-button\" href=\"https:\/\/escrime-montpellier.fr\/index.php\/inscription\/\" style=\"border-radius:25px;padding-top:6px;padding-right:25px;padding-bottom:6px;padding-left:25px\">Inscrivez-vous<\/a><\/div>\n<\/div>\n<\/div>\n<\/div>\n<\/div>\n<\/div>\n\n\n\n<p><\/p>\n","protected":false},"excerpt":{"rendered":"<p>Escrime sportive (\u00e9p\u00e9e, fleuret) Escrime artistique (rapi\u00e8re) Escrime sant\u00e9 (sabre)<\/p>\n","protected":false},"author":1,"featured_media":0,"parent":0,"menu_order":0,"comment_status":"closed","ping_status":"closed","template":"","meta":{"om_disable_all_campaigns":false,"_monsterinsights_skip_tracking":false,"_monsterinsights_sitenote_active":false,"_monsterinsights_sitenote_note":"","_monsterinsights_sitenote_category":0,"_uf_show_specific_survey":0,"_uf_disable_surveys":false,"footnotes":""},"categories":[],"tags":[],"class_list":["post-1639","page","type-page","status-publish","hentry"],"aioseo_notices":[],"_links":{"self":[{"href":"https:\/\/www.escrime-montpellier.fr\/index.php\/wp-json\/wp\/v2\/pages\/1639","targetHints":{"allow":["GET"]}}],"collection":[{"href":"https:\/\/www.escrime-montpellier.fr\/index.php\/wp-json\/wp\/v2\/pages"}],"about":[{"href":"https:\/\/www.escrime-montpellier.fr\/index.php\/wp-json\/wp\/v2\/types\/page"}],"author":[{"embeddable":true,"href":"https:\/\/www.escrime-montpellier.fr\/index.php\/wp-json\/wp\/v2\/users\/1"}],"replies":[{"embeddable":true,"href":"https:\/\/www.escrime-montpellier.fr\/index.php\/wp-json\/wp\/v2\/comments?post=1639"}],"version-history":[{"count":30,"href":"https:\/\/www.escrime-montpellier.fr\/index.php\/wp-json\/wp\/v2\/pages\/1639\/revisions"}],"predecessor-version":[{"id":3134,"href":"https:\/\/www.escrime-montpellier.fr\/index.php\/wp-json\/wp\/v2\/pages\/1639\/revisions\/3134"}],"wp:attachment":[{"href":"https:\/\/www.escrime-montpellier.fr\/index.php\/wp-json\/wp\/v2\/media?parent=1639"}],"wp:term":[{"taxonomy":"category","embeddable":true,"href":"https:\/\/www.escrime-montpellier.fr\/index.php\/wp-json\/wp\/v2\/categories?post=1639"},{"taxonomy":"post_tag","embeddable":true,"href":"https:\/\/www.escrime-montpellier.fr\/index.php\/wp-json\/wp\/v2\/tags?post=1639"}],"curies":[{"name":"wp","href":"https:\/\/api.w.org\/{rel}","templated":true}]}}